{"id":77876,"date":"2015-06-10T09:07:15","date_gmt":"2015-06-10T09:07:15","guid":{"rendered":"https:\/\/ermhub.com\/politique-de-protection-de-la-vie-privee-sur-internet\/"},"modified":"2015-06-10T09:07:15","modified_gmt":"2015-06-10T09:07:15","slug":"politique-de-protection-de-la-vie-privee-sur-internet","status":"publish","type":"page","link":"https:\/\/ermhub.com\/en\/politique-de-protection-de-la-vie-privee-sur-internet\/","title":{"rendered":"Politique de protection de la vie priv\u00e9e sur Internet"},"content":{"rendered":"<p>[vc_row margin_top=&#8221;0&#8243; margin_bottom=&#8221;0&#8243; padding_left=&#8221;0&#8243; padding_right=&#8221;0&#8243; type=&#8221;1&#8243; bg_position=&#8221;top&#8221; bg_repeat=&#8221;no-repeat&#8221; bg_cover=&#8221;false&#8221; bg_attachment=&#8221;false&#8221; padding_top=&#8221;0&#8243; padding_bottom=&#8221;0&#8243; parallax_speed=&#8221;0.1&#8243; bg_type=&#8221;no_bg&#8221; bg_grad=&#8221;background: -webkit-gradient(linear, left top, left bottom, color-stop(0%, #E3E3E3));background: -moz-linear-gradient(top,#E3E3E3 0%);background: -webkit-linear-gradient(top,#E3E3E3 0%);background: -o-linear-gradient(top,#E3E3E3 0%);background: -ms-linear-gradient(top,#E3E3E3 0%);background: linear-gradient(top,#E3E3E3 0%);&#8221; parallax_style=&#8221;vcpb-default&#8221; bg_image_repeat=&#8221;repeat&#8221; bg_image_size=&#8221;cover&#8221; bg_img_attach=&#8221;scroll&#8221; parallax_sense=&#8221;30&#8243; animation_direction=&#8221;left-animation&#8221; animation_repeat=&#8221;repeat&#8221; bg_override=&#8221;0&#8243; parallax_content_sense=&#8221;30&#8243; fadeout_start_effect=&#8221;30&#8243; overlay_pattern_opacity=&#8221;80&#8243; multi_color_overlay_opacity=&#8221;0.6&#8243; seperator_type=&#8221;none_seperator&#8221; seperator_position=&#8221;top_seperator&#8221; seperator_shape_size=&#8221;40&#8243; seperator_svg_height=&#8221;60&#8243; seperator_shape_background=&#8221;#ffffff&#8221; seperator_shape_border=&#8221;none&#8221; seperator_shape_border_width=&#8221;1&#8243; icon_type=&#8221;no_icon&#8221; icon_size=&#8221;32&#8243; icon_style=&#8221;none&#8221; icon_color_border=&#8221;#333333&#8243; icon_border_size=&#8221;1&#8243; icon_border_radius=&#8221;500&#8243; icon_border_spacing=&#8221;50&#8243; img_width=&#8221;48&#8243; ult_hide_row_large_screen=&#8221;off&#8221; ult_hide_row_desktop=&#8221;off&#8221; ult_hide_row_tablet=&#8221;off&#8221; ult_hide_row_tablet_small=&#8221;off&#8221; ult_hide_row_mobile=&#8221;off&#8221; ult_hide_row_mobile_large=&#8221;off&#8221;][vc_column width=&#8221;1\/6&#8243;][\/vc_column][vc_column width=&#8221;2\/3&#8243;][vc_empty_space height=&#8221;32px&#8221;][vc_column_text]<\/p>\n<h2>Politique de protection de la vie priv\u00e9e sur Internet<\/h2>\n<h3>Collecte des renseignements personnels<\/h3>\n<p>Nous collectons les renseignements suivants :<\/p>\n<ul>\n<li>Nom<\/li>\n<li>Pr\u00e9nom<\/li>\n<li>Adresse \u00e9lectronique<\/li>\n<li>Num\u00e9ro de t\u00e9l\u00e9phone \/ t\u00e9l\u00e9copieur<\/li>\n<\/ul>\n<p>Les renseignements personnels que nous collectons sont recueillis au travers de formulaires et gr\u00e2ce \u00e0 l&#8217;interactivit\u00e9 \u00e9tablie entre vous et notre site Web. Nous utilisons \u00e9galement, comme indiqu\u00e9 dans la section suivante, des fichiers t\u00e9moins et\/ou journaux pour r\u00e9unir des informations vous concernant.<\/p>\n<h3>Formulaires et interactivit\u00e9:<\/h3>\n<p>Vos renseignements personnels sont collect\u00e9s par le biais de formulaire, \u00e0 savoir :<\/p>\n<ul>\n<li>Formulaire d&#8217;inscription au site Web<\/li>\n<li>Formulaire de commande<\/li>\n<li>Sondage d&#8217;opinion<\/li>\n<li>Concours<\/li>\n<\/ul>\n<p>Nous utilisons les renseignements ainsi collect\u00e9s pour les finalit\u00e9s suivantes :<\/p>\n<ul>\n<li>Suivi de la commande<\/li>\n<li>Informations \/ Offres promotionnelles<\/li>\n<li>Statistiques<\/li>\n<li>Contact<\/li>\n<li>Gestion du site Web (pr\u00e9sentation, organisation)<\/li>\n<\/ul>\n<p>Vos renseignements sont \u00e9galement collect\u00e9s par le biais de l&#8217;interactivit\u00e9 pouvant s&#8217;\u00e9tablir entre vous et notre site Web et ce, de la fa\u00e7on suivante:<\/p>\n<ul>\n<li>Statistiques<\/li>\n<li>Contact<\/li>\n<li>Gestion du site Web (pr\u00e9sentation, organisation)<\/li>\n<\/ul>\n<p>Nous utilisons les renseignements ainsi collect\u00e9s pour les finalit\u00e9s suivantes :<\/p>\n<ul>\n<li>Correspondance<\/li>\n<li>Informations ou pour des offres promotionnelles<\/li>\n<\/ul>\n<h3>Fichiers journaux et t\u00e9moins<\/h3>\n<p>Nous recueillons certaines informations par le biais de fichiers journaux (log file) et de fichiers t\u00e9moins (cookies). Il s&#8217;agit principalement des informations suivantes :<\/p>\n<ul>\n<li>Adresse IP<\/li>\n<li>Syst\u00e8me d&#8217;exploitation<\/li>\n<li>Pages visit\u00e9es et requ\u00eates<\/li>\n<li>Heure et jour de connexion<\/li>\n<\/ul>\n<p>Le recours \u00e0 de tels fichiers nous permet :<\/p>\n<ul>\n<li>Am\u00e9lioration du service et accueil personnalis\u00e9<\/li>\n<li>Profil personnalis\u00e9 de consommation<\/li>\n<li>Suivi de commande<\/li>\n<li>Statistique<\/li>\n<\/ul>\n<h3>Droit d&#8217;opposition et de retrait<\/h3>\n<p>Nous nous engageons \u00e0 vous offrir un droit d&#8217;opposition et de retrait quant \u00e0 vos renseignements personnels.<br \/>\nLe droit d&#8217;opposition s&#8217;entend comme \u00e9tant la possiblit\u00e9 offerte aux internautes de refuser que leurs renseignements personnels soient utilis\u00e9es \u00e0 certaines fins mentionn\u00e9es lors de la collecte.<\/p>\n<p>Le droit de retrait s&#8217;entend comme \u00e9tant la possiblit\u00e9 offerte aux internautes de demander \u00e0 ce que leurs renseignements personnels ne figurent plus, par exemple, dans une liste de diffusion.<\/p>\n<p>Pour pouvoir exercer ces droits, vous pouvez :<br \/>\nCode postal : 510 Espace Paquet, Place Nicolas Paquet Bvd Mohammed V, Casablanca 20110<br \/>\nCourriel : privacy @ ermhub.com<br \/>\nT\u00e9l\u00e9phone : +212522541959<br \/>\nSection du site web : https:\/\/ermhub.com\/<br \/>\nDroit d&#8217;acc\u00e8s<\/p>\n<p>Nous nous engageons \u00e0 reconna\u00eetre un droit d&#8217;acc\u00e8s et de rectification aux personnes concern\u00e9es d\u00e9sireuses de consulter, modifier, voire radier les informations les concernant.<br \/>\nL&#8217;exercice de ce droit se fera :<br \/>\nCode postal : 510 Espace Paquet, Place Nicolas Paquet Bvd Mohammed V, Casablanca 20110<br \/>\nCourriel : privacy @ ermhub.com<br \/>\nT\u00e9l\u00e9phone : +212522541959<br \/>\nSection du site web : https:\/\/ermhub.com\/<\/p>\n<h3>S\u00e9curit\u00e9<\/h3>\n<p>Les renseignements personnels que nous collectons sont conserv\u00e9s dans un environnement s\u00e9curis\u00e9. Les personnes travaillant pour nous sont tenues de respecter la confidentialit\u00e9 de vos informations.<br \/>\nPour assurer la s\u00e9curit\u00e9 de vos renseignements personnels, nous avons recours aux mesures suivantes :<\/p>\n<ul>\n<li>Protocole SSL (Secure Sockets Layer)<\/li>\n<li>Gestion des acc\u00e8s &#8211; personne autoris\u00e9e<\/li>\n<li>Gestion des acc\u00e8s &#8211; personne concern\u00e9e<\/li>\n<li>Sauvegarde informatique<\/li>\n<li>D\u00e9veloppement de certificat num\u00e9rique<\/li>\n<li>Identifiant \/ mot de passe<\/li>\n<li>Pare-feu (Firewalls)<\/li>\n<\/ul>\n<p>Nous nous engageons \u00e0 maintenir un haut degr\u00e9 de confidentialit\u00e9 en int\u00e9grant les derni\u00e8res innovations technologiques permettant d&#8217;assurer la confidentialit\u00e9 de vos transactions. Toutefois, comme aucun m\u00e9canisme n&#8217;offre une s\u00e9curit\u00e9 maximale, une part de risque est toujours pr\u00e9sente lorsque l&#8217;on utilise Internet pour transmettre des renseignements personnels.<\/p>\n<h3>L\u00e9gislation<\/h3>\n<p>Nous nous engageons \u00e0 respecter les dispositions l\u00e9gislatives \u00e9nonc\u00e9es dans :<br \/>\nLoi 09-08 relative \u00e0 la protection des personnes physiques \u00e0 l\u2019\u00e9gard du traitement des donn\u00e9es \u00e0 caract\u00e8re personnel[\/vc_column_text][vc_empty_space height=&#8221;32px&#8221;][\/vc_column][vc_column width=&#8221;1\/6&#8243;][\/vc_column][\/vc_row]<\/p>\n","protected":false},"excerpt":{"rendered":"<p>[vc_row margin_top=&#8221;0&#8243; margin_bottom=&#8221;0&#8243; padding_left=&#8221;0&#8243; padding_right=&#8221;0&#8243; type=&#8221;1&#8243; bg_position=&#8221;top&#8221; bg_repeat=&#8221;no-repeat&#8221; bg_cover=&#8221;false&#8221; bg_attachment=&#8221;false&#8221; padding_top=&#8221;0&#8243; padding_bottom=&#8221;0&#8243; parallax_speed=&#8221;0.1&#8243; bg_type=&#8221;no_bg&#8221; bg_grad=&#8221;background: -webkit-gradient(linear, left top, left bottom, color-stop(0%, #E3E3E3));background: -moz-linear-gradient(top,#E3E3E3 0%);background: -webkit-linear-gradient(top,#E3E3E3 0%);background: -o-linear-gradient(top,#E3E3E3 0%);background: -ms-linear-gradient(top,#E3E3E3 0%);background: linear-gradient(top,#E3E3E3 0%);&#8221; parallax_style=&#8221;vcpb-default&#8221; bg_image_repeat=&#8221;repeat&#8221; bg_image_size=&#8221;cover&#8221; bg_img_attach=&#8221;scroll&#8221; parallax_sense=&#8221;30&#8243; animation_direction=&#8221;left-animation&#8221; animation_repeat=&#8221;repeat&#8221; bg_override=&#8221;0&#8243; parallax_content_sense=&#8221;30&#8243; fadeout_start_effect=&#8221;30&#8243; overlay_pattern_opacity=&#8221;80&#8243; multi_color_overlay_opacity=&#8221;0.6&#8243; seperator_type=&#8221;none_seperator&#8221; seperator_position=&#8221;top_seperator&#8221; seperator_shape_size=&#8221;40&#8243; seperator_svg_height=&#8221;60&#8243; seperator_shape_background=&#8221;#ffffff&#8221; seperator_shape_border=&#8221;none&#8221; seperator_shape_border_width=&#8221;1&#8243; icon_type=&#8221;no_icon&#8221; icon_size=&#8221;32&#8243; icon_style=&#8221;none&#8221; icon_color_border=&#8221;#333333&#8243;&hellip;<\/p>\n","protected":false},"author":1,"featured_media":0,"parent":0,"menu_order":0,"comment_status":"closed","ping_status":"closed","template":"","meta":{"inline_featured_image":false,"footnotes":""},"class_list":["post-77876","page","type-page","status-publish","hentry","description-off"],"_links":{"self":[{"href":"https:\/\/ermhub.com\/en\/wp-json\/wp\/v2\/pages\/77876","targetHints":{"allow":["GET"]}}],"collection":[{"href":"https:\/\/ermhub.com\/en\/wp-json\/wp\/v2\/pages"}],"about":[{"href":"https:\/\/ermhub.com\/en\/wp-json\/wp\/v2\/types\/page"}],"author":[{"embeddable":true,"href":"https:\/\/ermhub.com\/en\/wp-json\/wp\/v2\/users\/1"}],"replies":[{"embeddable":true,"href":"https:\/\/ermhub.com\/en\/wp-json\/wp\/v2\/comments?post=77876"}],"version-history":[{"count":0,"href":"https:\/\/ermhub.com\/en\/wp-json\/wp\/v2\/pages\/77876\/revisions"}],"wp:attachment":[{"href":"https:\/\/ermhub.com\/en\/wp-json\/wp\/v2\/media?parent=77876"}],"curies":[{"name":"wp","href":"https:\/\/api.w.org\/{rel}","templated":true}]}}